{"id":2,"date":"2017-07-19T13:29:13","date_gmt":"2017-07-19T13:29:13","guid":{"rendered":"http:\/\/www.vitempus.com\/blog\/?page_id=2"},"modified":"2018-03-01T06:55:55","modified_gmt":"2018-03-01T06:55:55","slug":"mapa-sitio-web","status":"publish","type":"page","link":"https:\/\/vitempus.com\/blog\/mapa-sitio-web\/","title":{"rendered":"Mapa Sitio Web"},"content":{"rendered":"<div class=\"wsp-container\"><h2 class=\"wsp-posts-title\">Posts por categor\u00eda<\/h2>\n<ul class=\"wsp-posts-list\">\n\t<li><strong class=\"wsp-category-title\">Category: <a href=\"https:\/\/vitempus.com\/blog\/cata-de-vino\/\">Cata de Vino<\/a><\/strong>\n<ul class=\"wsp-posts-list\">\t\t<li class=\"wsp-post\"><a href=\"https:\/\/vitempus.com\/blog\/maridaje-vinos-blancos\/\">Maridaje de vinos blancos<\/a><\/li>\n\t\t<li class=\"wsp-post\"><a href=\"https:\/\/vitempus.com\/blog\/enfriar-vino-15-minutos\/\">\u00bfC\u00f3mo enfriar el vino en 15 minutos?<\/a><\/li>\n\t\t<li class=\"wsp-post\"><a href=\"https:\/\/vitempus.com\/blog\/protocolo-vino-anfitrion-cena\/\">El protocolo del vino: \u00bfc\u00f3mo ser el mejor anfitri\u00f3n en una cena?<\/a><\/li>\n\t\t<li class=\"wsp-post\"><a href=\"https:\/\/vitempus.com\/blog\/diferencias-vino-ecologico-convencional\/\">Diferencias entre un vino ecol\u00f3gico y uno convencional<\/a><\/li>\n\t\t<li class=\"wsp-post\"><a href=\"https:\/\/vitempus.com\/blog\/antimaridaje\/\">El antimaridaje: alimentos que no se pueden mezclar con el vino<\/a><\/li>\n\t\t<li class=\"wsp-post\"><a href=\"https:\/\/vitempus.com\/blog\/vino-mejora-salud-intestinal\/\">Tomar vino contribuye a mejorar la salud intestinal<\/a><\/li>\n\t\t<li class=\"wsp-post\"><a href=\"https:\/\/vitempus.com\/blog\/nombres-curiosos-vinos\/\">Nombres curiosos de vinos<\/a><\/li>\n\t\t<li class=\"wsp-post\"><a href=\"https:\/\/vitempus.com\/blog\/pedir-vino-restaurante\/\">C\u00f3mo pedir vino en un restaurante<\/a><\/li>\n\t\t<li class=\"wsp-post\"><a href=\"https:\/\/vitempus.com\/blog\/como-catar-un-vino\/\">\u00bfC\u00f3mo catar un vino?<\/a><\/li>\n\t\t<li class=\"wsp-post\"><a href=\"https:\/\/vitempus.com\/blog\/guia-definitiva-adjetivos-vino\/\">Gu\u00eda definitiva de los adjetivos del vino<\/a><\/li>\n\t\t<li class=\"wsp-post\"><a href=\"https:\/\/vitempus.com\/blog\/donde-comprar-vino-barato\/\">D\u00f3nde comprar vino barato y de calidad para nuestra vinoteca<\/a><\/li>\n<\/ul><\/li>\n\t<li><strong class=\"wsp-category-title\">Category: <a href=\"https:\/\/vitempus.com\/blog\/denominacion-de-origen\/\">Denominaci\u00f3n de Origen<\/a><\/strong>\n<ul class=\"wsp-posts-list\">\t\t<li class=\"wsp-post\"><a href=\"https:\/\/vitempus.com\/blog\/denominaciones-de-vino-espana\/\">Denominaciones de vino Espa\u00f1a<\/a><\/li>\n\t\t<li class=\"wsp-post\"><a href=\"https:\/\/vitempus.com\/blog\/denominacion-origen-somontano\/\">Denominaci\u00f3n de origen: Somontano<\/a><\/li>\n\t\t<li class=\"wsp-post\"><a href=\"https:\/\/vitempus.com\/blog\/vinos-comidas-navidad\/\">Vinos para las comidas de Navidad<\/a><\/li>\n\t\t<li class=\"wsp-post\"><a href=\"https:\/\/vitempus.com\/blog\/denominacion-origen-bierzo\/\">Denominaci\u00f3n de Origen: Bierzo<\/a><\/li>\n\t\t<li class=\"wsp-post\"><a href=\"https:\/\/vitempus.com\/blog\/vino-mas-caro-del-mundo\/\">El Vino m\u00e1s caro del mundo<\/a><\/li>\n\t\t<li class=\"wsp-post\"><a href=\"https:\/\/vitempus.com\/blog\/denominacion-origen-emporda-historia-variedades\/\">Denominaci\u00f3n de Origen Empord\u00e0: historia y variedades<\/a><\/li>\n\t\t<li class=\"wsp-post\"><a href=\"https:\/\/vitempus.com\/blog\/denominacion-origen-calatayud\/\">Denominaci\u00f3n de origen: Calatayud<\/a><\/li>\n\t\t<li class=\"wsp-post\"><a href=\"https:\/\/vitempus.com\/blog\/vinedos-patrimonio-humanidad-unesco\/\">Algunos de los vi\u00f1edos considerados Patrimonio de la Humanidad por la Unesco<\/a><\/li>\n\t\t<li class=\"wsp-post\"><a href=\"https:\/\/vitempus.com\/blog\/albarino-rias-baixas-enoturismo\/\">El Albari\u00f1o coloca a las R\u00edas Baixas como segundo destino enotur\u00edstico preferido<\/a><\/li>\n<\/ul><\/li>\n\t<li><strong class=\"wsp-category-title\">Category: <a href=\"https:\/\/vitempus.com\/blog\/enologia\/\">Enologia<\/a><\/strong>\n<ul class=\"wsp-posts-list\">\t\t<li class=\"wsp-post\"><a href=\"https:\/\/vitempus.com\/blog\/cuantas-calorias-vino\/\">\u00bfCu\u00e1ntas calor\u00edas tiene el vino?<\/a><\/li>\n\t\t<li class=\"wsp-post\"><a href=\"https:\/\/vitempus.com\/blog\/como-se-prepara-vino\/\">\u00bfC\u00f3mo se prepara el vino?<\/a><\/li>\n\t\t<li class=\"wsp-post\"><a href=\"https:\/\/vitempus.com\/blog\/conservar-vino-casa\/\">\u00bfC\u00f3mo conservar el vino en casa?<\/a><\/li>\n\t\t<li class=\"wsp-post\"><a href=\"https:\/\/vitempus.com\/blog\/barrica-clave-proceso-elaboracion-vino\/\">La barrica, clave en el proceso de elaboraci\u00f3n del vino<\/a><\/li>\n\t\t<li class=\"wsp-post\"><a href=\"https:\/\/vitempus.com\/blog\/efectos-nieve-vinas\/\">\u00bfCu\u00e1les son los efectos de la nieve en las vi\u00f1as?<\/a><\/li>\n\t\t<li class=\"wsp-post\"><a href=\"https:\/\/vitempus.com\/blog\/vino-joven-crianza-reserva-gran-reserva\/\">Vino Joven, Crianza Reserva y Gran Reserva: gu\u00eda<\/a><\/li>\n\t\t<li class=\"wsp-post\"><a href=\"https:\/\/vitempus.com\/blog\/vino-tinto-roble\/\">\u00bfQu\u00e9 es el vino tinto roble?<\/a><\/li>\n\t\t<li class=\"wsp-post\"><a href=\"https:\/\/vitempus.com\/blog\/vino-tranquilo\/\">\u00bfQu\u00e9 significa un vino tranquilo?<\/a><\/li>\n\t\t<li class=\"wsp-post\"><a href=\"https:\/\/vitempus.com\/blog\/como-hacer-vino-casero\/\">C\u00f3mo hacer vino casero<\/a><\/li>\n\t\t<li class=\"wsp-post\"><a href=\"https:\/\/vitempus.com\/blog\/regalar-vinotecas-ideas-originales\/\">Regalar vinotecas para Navidad y otras ideas originales<\/a><\/li>\n\t\t<li class=\"wsp-post\"><a href=\"https:\/\/vitempus.com\/blog\/tendencias-de-vino-en-2017\/\">Tendencias de vino en 2017<\/a><\/li>\n\t\t<li class=\"wsp-post\"><a href=\"https:\/\/vitempus.com\/blog\/catas-vino-galicia-3-rutas-magicas\/\">Catas de vino en Galicia: 3 rutas m\u00e1gicas<\/a><\/li>\n\t\t<li class=\"wsp-post\"><a href=\"https:\/\/vitempus.com\/blog\/accesorios-para-vino\/\">Accesorios para vino<\/a><\/li>\n\t\t<li class=\"wsp-post\"><a href=\"https:\/\/vitempus.com\/blog\/tipos-botellas-vino-segun-forma\/\">Tipos de botellas de vino seg\u00fan la forma<\/a><\/li>\n\t\t<li class=\"wsp-post\"><a href=\"https:\/\/vitempus.com\/blog\/abrir-botella-vino-sin-sacacorchos\/\">\u00bfC\u00f3mo abrir una botella de vino sin sacacorchos?<\/a><\/li>\n\t\t<li class=\"wsp-post\"><a href=\"https:\/\/vitempus.com\/blog\/elegir-vino-boda\/\">Elegir un vino para boda<\/a><\/li>\n\t\t<li class=\"wsp-post\"><a href=\"https:\/\/vitempus.com\/blog\/vino-autor-vinotecas-vitempus-invertir-calidad\/\">Vino de autor y vinotecas Vitempus: invertir en calidad<\/a><\/li>\n<\/ul><\/li>\n\t<li><strong class=\"wsp-category-title\">Category: <a href=\"https:\/\/vitempus.com\/blog\/enoturismo\/\">Enoturismo<\/a><\/strong>\n<ul class=\"wsp-posts-list\">\t\t<li class=\"wsp-post\"><a href=\"https:\/\/vitempus.com\/blog\/10-vinos-vuelta-al-mundo\/\">10 vinos con los que te topar\u00e1s si das la vuelta al mundo<\/a><\/li>\n\t\t<li class=\"wsp-post\"><a href=\"https:\/\/vitempus.com\/blog\/5-mejores-hoteles-enoturisticos\/\">Los 5 mejores hoteles enotur\u00edsticos<\/a><\/li>\n<\/ul><\/li>\n\t<li><strong class=\"wsp-category-title\">Category: <a href=\"https:\/\/vitempus.com\/blog\/faq-vinotecas\/\">FAQ Vinotecas<\/a><\/strong>\n<ul class=\"wsp-posts-list\">\t\t<li class=\"wsp-post\"><a href=\"https:\/\/vitempus.com\/blog\/como-guardar-las-botellas-vino\/\">C\u00f3mo se deben guardar las botellas de vino<\/a><\/li>\n\t\t<li class=\"wsp-post\"><a href=\"https:\/\/vitempus.com\/blog\/como-comprar-armario-bodega-vinos\/\">C\u00f3mo comprar un armario bodega para vinos<\/a><\/li>\n\t\t<li class=\"wsp-post\"><a href=\"https:\/\/vitempus.com\/blog\/acidez-color-vino-cambio-climatico\/\">La acidez y el color del vino, amenazados por el cambio clim\u00e1tico<\/a><\/li>\n\t\t<li class=\"wsp-post\"><a href=\"https:\/\/vitempus.com\/blog\/temperatura-vino\/\">La temperatura, un factor clave en la conservaci\u00f3n del vino<\/a><\/li>\n\t\t<li class=\"wsp-post\"><a href=\"https:\/\/vitempus.com\/blog\/vinoteca-pequena-integrable\/\">C\u00f3mo instalar una vinoteca peque\u00f1a integrable bajo encimera<\/a><\/li>\n\t\t<li class=\"wsp-post\"><a href=\"https:\/\/vitempus.com\/blog\/10-motivos-vinoteca-casa\/\">10 motivos por los que necesitas una vinoteca en tu casa<\/a><\/li>\n\t\t<li class=\"wsp-post\"><a href=\"https:\/\/vitempus.com\/blog\/conservacion-vinos-inversion\/\">La conservaci\u00f3n de los vinos como inversi\u00f3n<\/a><\/li>\n\t\t<li class=\"wsp-post\"><a href=\"https:\/\/vitempus.com\/blog\/las-vinotecas-funciones\/\">Las vinotecas y sus funciones<\/a><\/li>\n\t\t<li class=\"wsp-post\"><a href=\"https:\/\/vitempus.com\/blog\/finalidad-vinoteca\/\">La finalidad de una vinoteca<\/a><\/li>\n\t\t<li class=\"wsp-post\"><a href=\"https:\/\/vitempus.com\/blog\/vinoteca-guardar-vino\/\">Lo que se debe tener en cuenta al guardar el vino en una vinoteca<\/a><\/li>\n\t\t<li class=\"wsp-post\"><a href=\"https:\/\/vitempus.com\/blog\/usos-vinoteca\/\">Los usos de una vinoteca<\/a><\/li>\n\t\t<li class=\"wsp-post\"><a href=\"https:\/\/vitempus.com\/blog\/comprar-una-vinoteca\/\">Por qu\u00e9 comprar una vinoteca<\/a><\/li>\n\t\t<li class=\"wsp-post\"><a href=\"https:\/\/vitempus.com\/blog\/clase-vino-puede-almacenado-una-vinoteca\/\">\u00bfQu\u00e9 clase de vino puede ser almacenado en una vinoteca?<\/a><\/li>\n\t\t<li class=\"wsp-post\"><a href=\"https:\/\/vitempus.com\/blog\/por-que-las-vinotecas-resultan-indispensables\/\">Por qu\u00e9 las vinotecas resultan indispensables<\/a><\/li>\n<\/ul><\/li>\n\t<li><strong class=\"wsp-category-title\">Category: <a href=\"https:\/\/vitempus.com\/blog\/noticias\/\">Noticias<\/a><\/strong>\n<ul class=\"wsp-posts-list\">\t\t<li class=\"wsp-post\"><a href=\"https:\/\/vitempus.com\/blog\/vino-tinto-previene-cancer-mama\/\">El vino tinto previene el c\u00e1ncer de mama<\/a><\/li>\n\t\t<li class=\"wsp-post\"><a href=\"https:\/\/vitempus.com\/blog\/gastan-mas-dinero-vino-cerveza\/\">Los espa\u00f1oles gastan m\u00e1s dinero en vino que en cerveza<\/a><\/li>\n\t\t<li class=\"wsp-post\"><a href=\"https:\/\/vitempus.com\/blog\/mejor-vino-tinto-del-ano-espana\/\">\u00bfCu\u00e1l es el mejor vino tinto del a\u00f1o en Espa\u00f1a?<\/a><\/li>\n\t\t<li class=\"wsp-post\"><a href=\"https:\/\/vitempus.com\/blog\/vino-y-arte\/\">El vino y el arte: botellas que van de cuadros a vinotecas<\/a><\/li>\n\t\t<li class=\"wsp-post\"><a href=\"https:\/\/vitempus.com\/blog\/el-vino-mas-antiguo\/\">\u00bfCu\u00e1l es el vino m\u00e1s antiguo del mundo?<\/a><\/li>\n\t\t<li class=\"wsp-post\"><a href=\"https:\/\/vitempus.com\/blog\/10-beneficios-vino\/\">Los 10 beneficios del vino<\/a><\/li>\n\t\t<li class=\"wsp-post\"><a href=\"https:\/\/vitempus.com\/blog\/calentamiento-global-amenaza-vino\/\">El calentamiento global: \u00bfuna amenaza para el futuro del vino?<\/a><\/li>\n\t\t<li class=\"wsp-post\"><a href=\"https:\/\/vitempus.com\/blog\/vino-tinto-beneficios-salud\/\">El vino tinto: sus beneficios para la salud<\/a><\/li>\n<\/ul><\/li>\n\t<li><strong class=\"wsp-category-title\">Category: <a href=\"https:\/\/vitempus.com\/blog\/promociones\/\">Promociones<\/a><\/strong>\n<ul class=\"wsp-posts-list\">\t\t<li class=\"wsp-post\"><a href=\"https:\/\/vitempus.com\/blog\/mejores-vinotecas-2018\/\">Mejores vinotecas 2018<\/a><\/li>\n\t\t<li class=\"wsp-post\"><a href=\"https:\/\/vitempus.com\/blog\/black-friday-cyber-monday-vitempus\/\">El Black Friday y el Cyber Monday aterrizan en Vitempus<\/a><\/li>\n<\/ul><\/li>\n\t<li><strong class=\"wsp-category-title\">Category: <a href=\"https:\/\/vitempus.com\/blog\/tipo-de-vinos\/\">Tipo de Vinos<\/a><\/strong>\n<ul class=\"wsp-posts-list\">\t\t<li class=\"wsp-post\"><a href=\"https:\/\/vitempus.com\/blog\/maridaje-vinos-rosados\/\">Maridaje de vinos rosados<\/a><\/li>\n\t\t<li class=\"wsp-post\"><a href=\"https:\/\/vitempus.com\/blog\/diferencia-vino-crianza-gran-reserva\/\">Diferencia entre vino de crianza y gran reserva<\/a><\/li>\n\t\t<li class=\"wsp-post\"><a href=\"https:\/\/vitempus.com\/blog\/vino-rosado-vinotecas\/\">El vino rosado: \u00bfpor qu\u00e9 cada vez se ve m\u00e1s en vinotecas?<\/a><\/li>\n\t<li><strong class=\"wsp-category-title\">Category: <a href=\"https:\/\/vitempus.com\/blog\/tipo-de-vinos\/vino-blanco\/\">Vino Blanco<\/a><\/strong>\n<\/li>\n\t<li><strong class=\"wsp-category-title\">Category: <a href=\"https:\/\/vitempus.com\/blog\/tipo-de-vinos\/vino-rosado\/\">Vino Rosado<\/a><\/strong>\n<ul class=\"wsp-posts-list\">\t\t<li class=\"wsp-post\"><a href=\"https:\/\/vitempus.com\/blog\/propiedades-vino-rosado\/\">Propiedades y Beneficios del Vino Rosado<\/a><\/li>\n\t\t<li class=\"wsp-post\"><a href=\"https:\/\/vitempus.com\/blog\/como-hacer-vino-rosado\/\">C\u00f3mo hacer vino rosado<\/a><\/li>\n<\/ul><\/li>\n\t<li><strong class=\"wsp-category-title\">Category: <a href=\"https:\/\/vitempus.com\/blog\/tipo-de-vinos\/vino-tinto\/\">Vino Tinto<\/a><\/strong>\n<ul class=\"wsp-posts-list\">\t\t<li class=\"wsp-post\"><a href=\"https:\/\/vitempus.com\/blog\/beneficios-medicos-del-vino-tinto\/\">Beneficios m\u00e9dicos del vino tinto: \u201cla copa de la vida\u201d<\/a><\/li>\n\t\t<li class=\"wsp-post\"><a href=\"https:\/\/vitempus.com\/blog\/botellas-vino-son-verde-oscuro\/\">Por qu\u00e9 las botellas de vino son verde oscuro<\/a><\/li>\n<\/ul><\/li>\n\t<li><strong class=\"wsp-category-title\">Category: <a href=\"https:\/\/vitempus.com\/blog\/tipo-de-vinos\/vinos-espanoles\/\">Vinos Espa\u00f1oles<\/a><\/strong>\n<\/li>\n<\/ul><\/li>\n<\/ul>\n<\/div>\n","protected":false},"excerpt":{"rendered":"","protected":false},"author":2,"featured_media":0,"parent":0,"menu_order":0,"comment_status":"closed","ping_status":"closed","template":"","meta":{"footnotes":""},"class_list":["post-2","page","type-page","status-publish","hentry"],"yoast_head":"<!-- This site is optimized with the Yoast SEO plugin v27.4 - https:\/\/yoast.com\/product\/yoast-seo-wordpress\/ -->\n<title>Mapa Sitio Web - El blog del vino y vinotecas Vitempus<\/title>\n<meta name=\"robots\" content=\"index, follow, max-snippet:-1, max-image-preview:large, max-video-preview:-1\" \/>\n<link rel=\"canonical\" href=\"https:\/\/vitempus.com\/blog\/mapa-sitio-web\/\" \/>\n<meta property=\"og:locale\" content=\"es_ES\" \/>\n<meta property=\"og:type\" content=\"article\" \/>\n<meta property=\"og:title\" content=\"Mapa Sitio Web - El blog del vino y vinotecas Vitempus\" \/>\n<meta property=\"og:url\" content=\"https:\/\/vitempus.com\/blog\/mapa-sitio-web\/\" \/>\n<meta property=\"og:site_name\" content=\"El blog del vino y vinotecas Vitempus\" \/>\n<meta property=\"article:modified_time\" content=\"2018-03-01T06:55:55+00:00\" \/>\n<meta name=\"twitter:card\" content=\"summary_large_image\" \/>\n<script type=\"application\/ld+json\" class=\"yoast-schema-graph\">{\"@context\":\"https:\\\/\\\/schema.org\",\"@graph\":[{\"@type\":\"WebPage\",\"@id\":\"https:\\\/\\\/vitempus.com\\\/blog\\\/mapa-sitio-web\\\/\",\"url\":\"https:\\\/\\\/vitempus.com\\\/blog\\\/mapa-sitio-web\\\/\",\"name\":\"Mapa Sitio Web - El blog del vino y vinotecas Vitempus\",\"isPartOf\":{\"@id\":\"https:\\\/\\\/vitempus.com\\\/blog\\\/#website\"},\"datePublished\":\"2017-07-19T13:29:13+00:00\",\"dateModified\":\"2018-03-01T06:55:55+00:00\",\"breadcrumb\":{\"@id\":\"https:\\\/\\\/vitempus.com\\\/blog\\\/mapa-sitio-web\\\/#breadcrumb\"},\"inLanguage\":\"es\",\"potentialAction\":[{\"@type\":\"ReadAction\",\"target\":[\"https:\\\/\\\/vitempus.com\\\/blog\\\/mapa-sitio-web\\\/\"]}]},{\"@type\":\"BreadcrumbList\",\"@id\":\"https:\\\/\\\/vitempus.com\\\/blog\\\/mapa-sitio-web\\\/#breadcrumb\",\"itemListElement\":[{\"@type\":\"ListItem\",\"position\":1,\"name\":\"Portada\",\"item\":\"https:\\\/\\\/vitempus.com\\\/blog\\\/\"},{\"@type\":\"ListItem\",\"position\":2,\"name\":\"Mapa Sitio Web\"}]},{\"@type\":\"WebSite\",\"@id\":\"https:\\\/\\\/vitempus.com\\\/blog\\\/#website\",\"url\":\"https:\\\/\\\/vitempus.com\\\/blog\\\/\",\"name\":\"El blog del vino y vinotecas Vitempus\",\"description\":\"Blog del vino. Blog de vinotecas y sobre el mundo del vino. Noticias y novedades sobre la conservaci\u00f3n, mantenimiento y envejecimiento de botellas de vino\",\"potentialAction\":[{\"@type\":\"SearchAction\",\"target\":{\"@type\":\"EntryPoint\",\"urlTemplate\":\"https:\\\/\\\/vitempus.com\\\/blog\\\/?s={search_term_string}\"},\"query-input\":{\"@type\":\"PropertyValueSpecification\",\"valueRequired\":true,\"valueName\":\"search_term_string\"}}],\"inLanguage\":\"es\"}]}<\/script>\n<!-- \/ Yoast SEO plugin. -->","yoast_head_json":{"title":"Mapa Sitio Web - El blog del vino y vinotecas Vitempus","robots":{"index":"index","follow":"follow","max-snippet":"max-snippet:-1","max-image-preview":"max-image-preview:large","max-video-preview":"max-video-preview:-1"},"canonical":"https:\/\/vitempus.com\/blog\/mapa-sitio-web\/","og_locale":"es_ES","og_type":"article","og_title":"Mapa Sitio Web - El blog del vino y vinotecas Vitempus","og_url":"https:\/\/vitempus.com\/blog\/mapa-sitio-web\/","og_site_name":"El blog del vino y vinotecas Vitempus","article_modified_time":"2018-03-01T06:55:55+00:00","twitter_card":"summary_large_image","schema":{"@context":"https:\/\/schema.org","@graph":[{"@type":"WebPage","@id":"https:\/\/vitempus.com\/blog\/mapa-sitio-web\/","url":"https:\/\/vitempus.com\/blog\/mapa-sitio-web\/","name":"Mapa Sitio Web - El blog del vino y vinotecas Vitempus","isPartOf":{"@id":"https:\/\/vitempus.com\/blog\/#website"},"datePublished":"2017-07-19T13:29:13+00:00","dateModified":"2018-03-01T06:55:55+00:00","breadcrumb":{"@id":"https:\/\/vitempus.com\/blog\/mapa-sitio-web\/#breadcrumb"},"inLanguage":"es","potentialAction":[{"@type":"ReadAction","target":["https:\/\/vitempus.com\/blog\/mapa-sitio-web\/"]}]},{"@type":"BreadcrumbList","@id":"https:\/\/vitempus.com\/blog\/mapa-sitio-web\/#breadcrumb","itemListElement":[{"@type":"ListItem","position":1,"name":"Portada","item":"https:\/\/vitempus.com\/blog\/"},{"@type":"ListItem","position":2,"name":"Mapa Sitio Web"}]},{"@type":"WebSite","@id":"https:\/\/vitempus.com\/blog\/#website","url":"https:\/\/vitempus.com\/blog\/","name":"El blog del vino y vinotecas Vitempus","description":"Blog del vino. Blog de vinotecas y sobre el mundo del vino. Noticias y novedades sobre la conservaci\u00f3n, mantenimiento y envejecimiento de botellas de vino","potentialAction":[{"@type":"SearchAction","target":{"@type":"EntryPoint","urlTemplate":"https:\/\/vitempus.com\/blog\/?s={search_term_string}"},"query-input":{"@type":"PropertyValueSpecification","valueRequired":true,"valueName":"search_term_string"}}],"inLanguage":"es"}]}},"_links":{"self":[{"href":"https:\/\/vitempus.com\/blog\/wp-json\/wp\/v2\/pages\/2","targetHints":{"allow":["GET"]}}],"collection":[{"href":"https:\/\/vitempus.com\/blog\/wp-json\/wp\/v2\/pages"}],"about":[{"href":"https:\/\/vitempus.com\/blog\/wp-json\/wp\/v2\/types\/page"}],"author":[{"embeddable":true,"href":"https:\/\/vitempus.com\/blog\/wp-json\/wp\/v2\/users\/2"}],"replies":[{"embeddable":true,"href":"https:\/\/vitempus.com\/blog\/wp-json\/wp\/v2\/comments?post=2"}],"version-history":[{"count":13,"href":"https:\/\/vitempus.com\/blog\/wp-json\/wp\/v2\/pages\/2\/revisions"}],"predecessor-version":[{"id":829,"href":"https:\/\/vitempus.com\/blog\/wp-json\/wp\/v2\/pages\/2\/revisions\/829"}],"wp:attachment":[{"href":"https:\/\/vitempus.com\/blog\/wp-json\/wp\/v2\/media?parent=2"}],"curies":[{"name":"wp","href":"https:\/\/api.w.org\/{rel}","templated":true}]}}